{"id":3853,"date":"2024-03-18T10:00:44","date_gmt":"2024-03-18T10:00:44","guid":{"rendered":"https:\/\/demo.awaikenthemes.com\/solor\/?page_id=3853"},"modified":"2024-12-15T14:23:37","modified_gmt":"2024-12-15T11:23:37","slug":"baskan","status":"publish","type":"page","link":"https:\/\/www.adanakentkonseyi.org.tr\/01\/kurumsal\/baskan\/","title":{"rendered":"AKK Ba\u015fkan"},"content":{"rendered":"\t\t<div data-elementor-type=\"wp-page\" data-elementor-id=\"3853\" class=\"elementor elementor-3853\">\n\t\t\t\t<div class=\"elementor-element elementor-element-f3aaa9e parallaxie e-flex e-con-boxed e-con e-parent\" data-id=\"f3aaa9e\" data-element_type=\"container\" data-settings=\"{&quot;background_background&quot;:&quot;classic&quot;}\">\n\t\t\t\t\t<div class=\"e-con-inner\">\n\t\t<div class=\"elementor-element elementor-element-69ed42b e-con-full e-flex e-con e-child\" data-id=\"69ed42b\" data-element_type=\"container\">\n\t\t\t\t<div class=\"elementor-element elementor-element-6f7225e solor-heading-animation solor-animation-heading-style-2 elementor-widget elementor-widget-heading\" data-id=\"6f7225e\" data-element_type=\"widget\" data-settings=\"{&quot;ekit_we_effect_on&quot;:&quot;none&quot;}\" data-widget_type=\"heading.default\">\n\t\t\t\t<div class=\"elementor-widget-container\">\n\t\t\t<h1 class=\"elementor-heading-title elementor-size-default\">Ha\u015fmet Bi\u00e7er - Ba\u015fkan<\/h1>\t\t<\/div>\n\t\t\t\t<\/div>\n\t\t\t\t<div class=\"elementor-element elementor-element-d9d5fee elementor-invisible elementor-widget elementor-widget-elementskit-breadcrumb\" data-id=\"d9d5fee\" data-element_type=\"widget\" data-settings=\"{&quot;_animation&quot;:&quot;fadeInUp&quot;,&quot;ekit_we_effect_on&quot;:&quot;none&quot;}\" data-widget_type=\"elementskit-breadcrumb.default\">\n\t\t\t\t<div class=\"elementor-widget-container\">\n\t\t\t<div class=\"ekit-wid-con\" ><ol class=\"ekit-breadcrumb\"><li class=\"ekit_breadcrumbs_start\"><a href=\"https:\/\/www.adanakentkonseyi.org.tr\/01\">Home<\/a><\/li> <li class=\"brd_sep\"><span class=\"separate_icon\"><svg xmlns=\"http:\/\/www.w3.org\/2000\/svg\" width=\"8\" height=\"15\" viewBox=\"0 0 8 15\"><path d=\"M0.736 14.344C0.650667 14.344 0.576 14.312 0.512 14.248C0.448 14.184 0.416 14.1093 0.416 14.024C0.416 13.9707 0.432 13.9067 0.464 13.832L5.936 0.712C5.968 0.647999 6.01067 0.583999 6.064 0.52C6.128 0.456 6.224 0.424 6.352 0.424H6.976C7.06133 0.424 7.136 0.456 7.2 0.52C7.264 0.583999 7.296 0.658666 7.296 0.743999C7.296 0.786666 7.28533 0.850666 7.264 0.936L1.776 14.056C1.75467 14.1093 1.712 14.168 1.648 14.232C1.584 14.3067 1.488 14.344 1.36 14.344H0.736Z\" fill=\"white\"><\/path><\/svg><\/span><\/li> <li><a href=\"https:\/\/www.adanakentkonseyi.org.tr\/01\/kurumsal\/\" title=\"Kurumsal\">Kurumsal<\/a><\/li> <li class=\"brd_sep\"><span class=\"separate_icon\"><svg xmlns=\"http:\/\/www.w3.org\/2000\/svg\" width=\"8\" height=\"15\" viewBox=\"0 0 8 15\"><path d=\"M0.736 14.344C0.650667 14.344 0.576 14.312 0.512 14.248C0.448 14.184 0.416 14.1093 0.416 14.024C0.416 13.9707 0.432 13.9067 0.464 13.832L5.936 0.712C5.968 0.647999 6.01067 0.583999 6.064 0.52C6.128 0.456 6.224 0.424 6.352 0.424H6.976C7.06133 0.424 7.136 0.456 7.2 0.52C7.264 0.583999 7.296 0.658666 7.296 0.743999C7.296 0.786666 7.28533 0.850666 7.264 0.936L1.776 14.056C1.75467 14.1093 1.712 14.168 1.648 14.232C1.584 14.3067 1.488 14.344 1.36 14.344H0.736Z\" fill=\"white\"><\/path><\/svg><\/span><\/li>  <li>AKK Ba\u015fkan<\/li><\/ol><\/div>\t\t<\/div>\n\t\t\t\t<\/div>\n\t\t\t\t<\/div>\n\t\t\t\t\t<\/div>\n\t\t\t\t<\/div>\n\t\t<div class=\"elementor-element elementor-element-749948b e-flex e-con-boxed e-con e-parent\" data-id=\"749948b\" data-element_type=\"container\">\n\t\t\t\t\t<div class=\"e-con-inner\">\n\t\t<div class=\"elementor-element elementor-element-d233e68 e-con-full e-flex e-con e-child\" data-id=\"d233e68\" data-element_type=\"container\">\n\t\t\t\t<div class=\"elementor-element elementor-element-4dd45d3 solor-image-animation solor-animation-image-style-1 image-anime elementor-widget elementor-widget-image\" data-id=\"4dd45d3\" data-element_type=\"widget\" data-settings=\"{&quot;_animation&quot;:&quot;none&quot;,&quot;ekit_we_effect_on&quot;:&quot;none&quot;}\" data-widget_type=\"image.default\">\n\t\t\t\t<div class=\"elementor-widget-container\">\n\t\t\t\t\t\t\t\t\t\t<figure class=\"wp-caption\">\n\t\t\t\t\t\t\t\t\t\t<img decoding=\"async\" src=\"https:\/\/www.adanakentkonseyi.org.tr\/01\/wp-content\/uploads\/elementor\/thumbs\/hasmetbicer-baskan-qyjj45lupeon4wzeojunnd6ia80avy9rwm8tn0zqh4.jpg\" title=\"hasmetbicer-baskan\" alt=\"hasmetbicer-baskan\" loading=\"lazy\" \/>\t\t\t\t\t\t\t\t\t\t\t<figcaption class=\"widget-image-caption wp-caption-text\"><\/figcaption>\n\t\t\t\t\t\t\t\t\t\t<\/figure>\n\t\t\t\t\t\t\t<\/div>\n\t\t\t\t<\/div>\n\t\t\t\t<\/div>\n\t\t<div class=\"elementor-element elementor-element-efe5029 e-con-full e-flex e-con e-child\" data-id=\"efe5029\" data-element_type=\"container\">\n\t\t\t\t<div class=\"elementor-element elementor-element-bfb1766 solor-heading-animation solor-animation-heading-style-2 elementor-widget elementor-widget-heading\" data-id=\"bfb1766\" data-element_type=\"widget\" data-settings=\"{&quot;ekit_we_effect_on&quot;:&quot;none&quot;}\" data-widget_type=\"heading.default\">\n\t\t\t\t<div class=\"elementor-widget-container\">\n\t\t\t<h2 class=\"elementor-heading-title elementor-size-default\">Ha\u015fmet Bi\u00e7er<\/h2>\t\t<\/div>\n\t\t\t\t<\/div>\n\t\t\t\t<div class=\"elementor-element elementor-element-d9f4648 solor-heading-animation solor-animation-heading-none elementor-invisible elementor-widget elementor-widget-heading\" data-id=\"d9f4648\" data-element_type=\"widget\" data-settings=\"{&quot;_animation&quot;:&quot;fadeInUp&quot;,&quot;_animation_delay&quot;:100,&quot;ekit_we_effect_on&quot;:&quot;none&quot;}\" data-widget_type=\"heading.default\">\n\t\t\t\t<div class=\"elementor-widget-container\">\n\t\t\t<h3 class=\"elementor-heading-title elementor-size-default\">(Makine M\u00fchendisi)<\/h3>\t\t<\/div>\n\t\t\t\t<\/div>\n\t\t\t\t<div class=\"elementor-element elementor-element-81dfa36 elementor-invisible elementor-widget elementor-widget-text-editor\" data-id=\"81dfa36\" data-element_type=\"widget\" data-settings=\"{&quot;_animation&quot;:&quot;fadeInUp&quot;,&quot;_animation_delay&quot;:200,&quot;ekit_we_effect_on&quot;:&quot;none&quot;}\" data-widget_type=\"text-editor.default\">\n\t\t\t\t<div class=\"elementor-widget-container\">\n\t\t\t\t\t\t\t<p><strong>Ha\u015fmet Bi\u00e7er &#8211; Makine M\u00fchendisi ve Adana Kent Konseyi Ba\u015fkan\u0131<\/strong><\/p><p>Ha\u015fmet Bi\u00e7er, makine m\u00fchendisli\u011fi alan\u0131nda uzmanla\u015fm\u0131\u015f bir profesyonel ve toplumsal kalk\u0131nma projelerine \u00f6nc\u00fcl\u00fck eden bir liderdir. Teknik bilgisi ve m\u00fchendislik becerileriyle sekt\u00f6rde fark yaratman\u0131n yan\u0131 s\u0131ra, yerel y\u00f6netim ve sivil toplum alanlar\u0131nda da aktif rol almaktad\u0131r.<\/p><p>Adana Kent Konseyi Ba\u015fkan\u0131 olarak g\u00f6rev yapan Bi\u00e7er, kentin sosyal, ekonomik ve \u00e7evresel geli\u015fimine katk\u0131 sa\u011flayan pek \u00e7ok projeye imza atm\u0131\u015ft\u0131r. \u0130novasyon, s\u00fcrd\u00fcr\u00fclebilirlik ve kat\u0131l\u0131mc\u0131 y\u00f6netim anlay\u0131\u015f\u0131n\u0131 benimseyerek gen\u00e7lerden kad\u0131nlara, \u00f6\u011frencilerden i\u015f d\u00fcnyas\u0131na kadar geni\u015f bir kesimi kapsayan \u00e7al\u0131\u015fmalar y\u00fcr\u00fctmektedir.<\/p><p>Liderlik etti\u011fi projelerle yerel halk\u0131n ya\u015fam kalitesini art\u0131rmay\u0131 hedefleyen Bi\u00e7er, ayn\u0131 zamanda ekip \u00e7al\u0131\u015fmas\u0131n\u0131 te\u015fvik eden bir vizyona sahiptir. Adana&#8217;n\u0131n gelece\u011fini \u015fekillendiren etkin bir akt\u00f6r olarak, gen\u00e7lerin ve toplumun di\u011fer kesimlerinin karar alma s\u00fcre\u00e7lerine kat\u0131l\u0131m\u0131n\u0131 desteklemektedir.<\/p>\t\t\t\t\t\t<\/div>\n\t\t\t\t<\/div>\n\t\t\t\t<div class=\"elementor-element elementor-element-4e06dce team-single-meta elementor-icon-list--layout-traditional elementor-list-item-link-full_width elementor-invisible elementor-widget elementor-widget-icon-list\" data-id=\"4e06dce\" data-element_type=\"widget\" data-settings=\"{&quot;_animation&quot;:&quot;fadeInUp&quot;,&quot;_animation_delay&quot;:300,&quot;ekit_we_effect_on&quot;:&quot;none&quot;}\" data-widget_type=\"icon-list.default\">\n\t\t\t\t<div class=\"elementor-widget-container\">\n\t\t\t\t\t<ul class=\"elementor-icon-list-items\">\n\t\t\t\t\t\t\t<li class=\"elementor-icon-list-item\">\n\t\t\t\t\t\t\t\t\t\t<span class=\"elementor-icon-list-text\"><strong>Meslek:<\/strong> Makine M\u00fchendisi<\/span>\n\t\t\t\t\t\t\t\t\t<\/li>\n\t\t\t\t\t\t\t\t<li class=\"elementor-icon-list-item\">\n\t\t\t\t\t\t\t\t\t\t<span class=\"elementor-icon-list-text\"><strong>Deneyim:<\/strong> 20+  Y\u0131l<\/span>\n\t\t\t\t\t\t\t\t\t<\/li>\n\t\t\t\t\t\t<\/ul>\n\t\t\t\t<\/div>\n\t\t\t\t<\/div>\n\t\t\t\t<div class=\"elementor-element elementor-element-9e950cc solor-heading-animation solor-animation-heading-none elementor-invisible elementor-widget elementor-widget-heading\" data-id=\"9e950cc\" data-element_type=\"widget\" data-settings=\"{&quot;_animation&quot;:&quot;fadeInUp&quot;,&quot;_animation_delay&quot;:400,&quot;ekit_we_effect_on&quot;:&quot;none&quot;}\" data-widget_type=\"heading.default\">\n\t\t\t\t<div class=\"elementor-widget-container\">\n\t\t\t<h2 class=\"elementor-heading-title elementor-size-default\">Sosyal Medya:<\/h2>\t\t<\/div>\n\t\t\t\t<\/div>\n\t\t\t\t<div class=\"elementor-element elementor-element-25395ce e-grid-align-left elementor-shape-rounded elementor-grid-0 elementor-invisible elementor-widget elementor-widget-social-icons\" data-id=\"25395ce\" data-element_type=\"widget\" data-settings=\"{&quot;_animation&quot;:&quot;fadeInUp&quot;,&quot;_animation_delay&quot;:500,&quot;ekit_we_effect_on&quot;:&quot;none&quot;}\" data-widget_type=\"social-icons.default\">\n\t\t\t\t<div class=\"elementor-widget-container\">\n\t\t\t\t\t<div class=\"elementor-social-icons-wrapper elementor-grid\">\n\t\t\t\t\t\t\t<span class=\"elementor-grid-item\">\n\t\t\t\t\t<a class=\"elementor-icon elementor-social-icon elementor-social-icon-icon-facebook elementor-repeater-item-75b33ad\" target=\"_blank\">\n\t\t\t\t\t\t<span class=\"elementor-screen-only\">Icon-facebook<\/span>\n\t\t\t\t\t\t<i class=\"icon icon-facebook\"><\/i>\t\t\t\t\t<\/a>\n\t\t\t\t<\/span>\n\t\t\t\t\t\t\t<span class=\"elementor-grid-item\">\n\t\t\t\t\t<a class=\"elementor-icon elementor-social-icon elementor-social-icon-twitter elementor-repeater-item-0ff0b1c\" target=\"_blank\">\n\t\t\t\t\t\t<span class=\"elementor-screen-only\">Twitter<\/span>\n\t\t\t\t\t\t<i class=\"fab fa-twitter\"><\/i>\t\t\t\t\t<\/a>\n\t\t\t\t<\/span>\n\t\t\t\t\t\t\t<span class=\"elementor-grid-item\">\n\t\t\t\t\t<a class=\"elementor-icon elementor-social-icon elementor-social-icon-linkedin-in elementor-repeater-item-01e7d0f\" target=\"_blank\">\n\t\t\t\t\t\t<span class=\"elementor-screen-only\">Linkedin-in<\/span>\n\t\t\t\t\t\t<i class=\"fab fa-linkedin-in\"><\/i>\t\t\t\t\t<\/a>\n\t\t\t\t<\/span>\n\t\t\t\t\t\t\t<span class=\"elementor-grid-item\">\n\t\t\t\t\t<a class=\"elementor-icon elementor-social-icon elementor-social-icon-instagram elementor-repeater-item-1d1b733\" target=\"_blank\">\n\t\t\t\t\t\t<span class=\"elementor-screen-only\">Instagram<\/span>\n\t\t\t\t\t\t<i class=\"fab fa-instagram\"><\/i>\t\t\t\t\t<\/a>\n\t\t\t\t<\/span>\n\t\t\t\t\t<\/div>\n\t\t\t\t<\/div>\n\t\t\t\t<\/div>\n\t\t\t\t<\/div>\n\t\t\t\t\t<\/div>\n\t\t\t\t<\/div>\n\t\t<div class=\"elementor-element elementor-element-d4effe9 e-flex e-con-boxed e-con e-parent\" data-id=\"d4effe9\" data-element_type=\"container\">\n\t\t\t\t\t<div class=\"e-con-inner\">\n\t\t<div class=\"elementor-element elementor-element-6ac7405 e-flex e-con-boxed e-con e-child\" data-id=\"6ac7405\" data-element_type=\"container\" data-settings=\"{&quot;background_background&quot;:&quot;classic&quot;}\">\n\t\t\t\t\t<div class=\"e-con-inner\">\n\t\t\t\t<div class=\"elementor-element elementor-element-84ca91d small-heading-style solor-heading-animation solor-animation-heading-none elementor-invisible elementor-widget elementor-widget-heading\" data-id=\"84ca91d\" data-element_type=\"widget\" data-settings=\"{&quot;_animation&quot;:&quot;fadeInUp&quot;,&quot;ekit_we_effect_on&quot;:&quot;none&quot;}\" data-widget_type=\"heading.default\">\n\t\t\t\t<div class=\"elementor-widget-container\">\n\t\t\t<h3 class=\"elementor-heading-title elementor-size-default\">Mesaj G\u00f6nder<\/h3>\t\t<\/div>\n\t\t\t\t<\/div>\n\t\t\t\t<div class=\"elementor-element elementor-element-43f3ee0 solor-heading-animation solor-animation-heading-style-2 elementor-widget elementor-widget-heading\" data-id=\"43f3ee0\" data-element_type=\"widget\" data-settings=\"{&quot;ekit_we_effect_on&quot;:&quot;none&quot;}\" data-widget_type=\"heading.default\">\n\t\t\t\t<div class=\"elementor-widget-container\">\n\t\t\t<h2 class=\"elementor-heading-title elementor-size-default\">\u0130leti\u015fim<\/h2>\t\t<\/div>\n\t\t\t\t<\/div>\n\t\t\t\t<div class=\"elementor-element elementor-element-8a41963 team-single-form elementor-invisible elementor-widget elementor-widget-elementskit-contact-form7\" data-id=\"8a41963\" data-element_type=\"widget\" data-settings=\"{&quot;_animation&quot;:&quot;fadeInUp&quot;,&quot;ekit_we_effect_on&quot;:&quot;none&quot;}\" data-widget_type=\"elementskit-contact-form7.default\">\n\t\t\t\t<div class=\"elementor-widget-container\">\n\t\t\t<div class=\"ekit-wid-con\" ><div class=\"ekit-form\">\n<div class=\"wpcf7 no-js\" id=\"wpcf7-f4544-p3853-o1\" lang=\"en-US\" dir=\"ltr\" data-wpcf7-id=\"4544\">\n<div class=\"screen-reader-response\"><p role=\"status\" aria-live=\"polite\" aria-atomic=\"true\"><\/p> <ul><\/ul><\/div>\n<form action=\"\/01\/kurumsal\/baskan\/#wpcf7-f4544-p3853-o1\" method=\"post\" class=\"wpcf7-form init\" aria-label=\"Contact form\" novalidate=\"novalidate\" data-status=\"init\">\n<div style=\"display: none;\">\n<input type=\"hidden\" name=\"_wpcf7\" value=\"4544\" \/>\n<input type=\"hidden\" name=\"_wpcf7_version\" value=\"6.0.3\" \/>\n<input type=\"hidden\" name=\"_wpcf7_locale\" value=\"en_US\" \/>\n<input type=\"hidden\" name=\"_wpcf7_unit_tag\" value=\"wpcf7-f4544-p3853-o1\" \/>\n<input type=\"hidden\" name=\"_wpcf7_container_post\" value=\"3853\" \/>\n<input type=\"hidden\" name=\"_wpcf7_posted_data_hash\" value=\"\" \/>\n<\/div>\n<div class=\"contact-form\">\n\t<div class=\"row\">\n\t\t<div class=\"form-group col-md-6 mb-4\">\n\t\t\t<p><span class=\"wpcf7-form-control-wrap\" data-name=\"FullName\"><input size=\"40\" maxlength=\"400\" class=\"wpcf7-form-control wpcf7-text wpcf7-validates-as-required form-control\" id=\"name\" aria-required=\"true\" aria-invalid=\"false\" placeholder=\"\u0130sim\" value=\"\" type=\"text\" name=\"FullName\" \/><\/span>\n\t\t\t<\/p>\n\t\t<\/div>\n\t\t<div class=\"form-group col-md-6 mb-4\">\n\t\t\t<p><span class=\"wpcf7-form-control-wrap\" data-name=\"Email\"><input size=\"40\" maxlength=\"400\" class=\"wpcf7-form-control wpcf7-email wpcf7-validates-as-required wpcf7-text wpcf7-validates-as-email form-control\" id=\"email\" aria-required=\"true\" aria-invalid=\"false\" placeholder=\"Mail Adresiniz\" value=\"\" type=\"email\" name=\"Email\" \/><\/span>\n\t\t\t<\/p>\n\t\t<\/div>\n\t\t<div class=\"form-group col-md-6 mb-4\">\n\t\t\t<p><span class=\"wpcf7-form-control-wrap\" data-name=\"Phone\"><input size=\"40\" maxlength=\"400\" class=\"wpcf7-form-control wpcf7-text wpcf7-validates-as-required form-control\" id=\"phone\" aria-required=\"true\" aria-invalid=\"false\" placeholder=\"Telefon\" value=\"\" type=\"text\" name=\"Phone\" \/><\/span>\n\t\t\t<\/p>\n\t\t<\/div>\n\t\t<div class=\"form-group col-md-6 mb-4\">\n\t\t\t<p><span class=\"wpcf7-form-control-wrap\" data-name=\"Subject\"><input size=\"40\" maxlength=\"400\" class=\"wpcf7-form-control wpcf7-text form-control\" id=\"subject\" aria-invalid=\"false\" placeholder=\"Konu\" value=\"\" type=\"text\" name=\"Subject\" \/><\/span>\n\t\t\t<\/p>\n\t\t<\/div>\n\t\t<div class=\"form-group col-md-12 mb-4\">\n\t\t\t<p><span class=\"wpcf7-form-control-wrap\" data-name=\"Write\"><textarea cols=\"40\" rows=\"10\" maxlength=\"2000\" class=\"wpcf7-form-control wpcf7-textarea form-control\" id=\"msg\" aria-invalid=\"false\" placeholder=\"Mesaj\u0131n\u0131z...\" name=\"Write\"><\/textarea><\/span>\n\t\t\t<\/p>\n\t\t<\/div>\n\t\t<div class=\"form-group col-md-12 text-align-center\">\n\t\t\t<p><input class=\"wpcf7-form-control wpcf7-submit has-spinner form-btn\" id=\"msgSubmit\" type=\"submit\" value=\"G\u00f6nder\" \/>\n\t\t\t<\/p>\n\t\t<\/div>\n\t<\/div>\n<\/div><div class=\"wpcf7-response-output\" aria-hidden=\"true\"><\/div>\n<\/form>\n<\/div>\n<\/div><\/div>\t\t<\/div>\n\t\t\t\t<\/div>\n\t\t\t\t\t<\/div>\n\t\t\t\t<\/div>\n\t\t\t\t\t<\/div>\n\t\t\t\t<\/div>\n\t\t\t\t<\/div>\n\t\t","protected":false},"excerpt":{"rendered":"<p>Ha\u015fmet Bi\u00e7er &#8211; Ba\u015fkan Home Ha\u015fmet Bi\u00e7er (Makine M\u00fchendisi) Ha\u015fmet Bi\u00e7er &#8211; Makine M\u00fchendisi ve Adana Kent Konseyi Ba\u015fkan\u0131 Ha\u015fmet Bi\u00e7er, makine m\u00fchendisli\u011fi alan\u0131nda uzmanla\u015fm\u0131\u015f bir profesyonel ve toplumsal kalk\u0131nma projelerine \u00f6nc\u00fcl\u00fck eden bir liderdir. Teknik bilgisi ve m\u00fchendislik becerileriyle sekt\u00f6rde fark yaratman\u0131n yan\u0131 s\u0131ra, yerel y\u00f6netim ve sivil toplum alanlar\u0131nda da aktif rol almaktad\u0131r. [&hellip;]<\/p>\n","protected":false},"author":1,"featured_media":0,"parent":3603,"menu_order":0,"comment_status":"closed","ping_status":"closed","template":"elementor_header_footer","meta":{"om_disable_all_campaigns":false,"_monsterinsights_skip_tracking":false,"_monsterinsights_sitenote_active":false,"_monsterinsights_sitenote_note":"","_monsterinsights_sitenote_category":0,"footnotes":""},"class_list":["post-3853","page","type-page","status-publish","hentry"],"aioseo_notices":[],"_links":{"self":[{"href":"https:\/\/www.adanakentkonseyi.org.tr\/01\/wp-json\/wp\/v2\/pages\/3853","targetHints":{"allow":["GET"]}}],"collection":[{"href":"https:\/\/www.adanakentkonseyi.org.tr\/01\/wp-json\/wp\/v2\/pages"}],"about":[{"href":"https:\/\/www.adanakentkonseyi.org.tr\/01\/wp-json\/wp\/v2\/types\/page"}],"author":[{"embeddable":true,"href":"https:\/\/www.adanakentkonseyi.org.tr\/01\/wp-json\/wp\/v2\/users\/1"}],"replies":[{"embeddable":true,"href":"https:\/\/www.adanakentkonseyi.org.tr\/01\/wp-json\/wp\/v2\/comments?post=3853"}],"version-history":[{"count":5,"href":"https:\/\/www.adanakentkonseyi.org.tr\/01\/wp-json\/wp\/v2\/pages\/3853\/revisions"}],"predecessor-version":[{"id":8993,"href":"https:\/\/www.adanakentkonseyi.org.tr\/01\/wp-json\/wp\/v2\/pages\/3853\/revisions\/8993"}],"up":[{"embeddable":true,"href":"https:\/\/www.adanakentkonseyi.org.tr\/01\/wp-json\/wp\/v2\/pages\/3603"}],"wp:attachment":[{"href":"https:\/\/www.adanakentkonseyi.org.tr\/01\/wp-json\/wp\/v2\/media?parent=3853"}],"curies":[{"name":"wp","href":"https:\/\/api.w.org\/{rel}","templated":true}]}}