{"id":8999,"date":"2024-12-15T14:29:51","date_gmt":"2024-12-15T11:29:51","guid":{"rendered":"https:\/\/www.adanakentkonseyi.org.tr\/01\/?page_id=8999"},"modified":"2025-07-03T12:45:52","modified_gmt":"2025-07-03T09:45:52","slug":"genel-sekreter","status":"publish","type":"page","link":"https:\/\/www.adanakentkonseyi.org.tr\/01\/kurumsal\/genel-sekreter\/","title":{"rendered":"Genel Sekreter"},"content":{"rendered":"\t\t<div data-elementor-type=\"wp-page\" data-elementor-id=\"8999\" class=\"elementor elementor-8999\">\n\t\t\t\t<div class=\"elementor-element elementor-element-f3aaa9e parallaxie e-flex e-con-boxed e-con e-parent\" data-id=\"f3aaa9e\" data-element_type=\"container\" data-settings=\"{&quot;background_background&quot;:&quot;classic&quot;}\">\n\t\t\t\t\t<div class=\"e-con-inner\">\n\t\t<div class=\"elementor-element elementor-element-69ed42b e-con-full e-flex e-con e-child\" data-id=\"69ed42b\" data-element_type=\"container\">\n\t\t\t\t<div class=\"elementor-element elementor-element-6f7225e solor-heading-animation solor-animation-heading-style-2 elementor-widget elementor-widget-heading\" data-id=\"6f7225e\" data-element_type=\"widget\" data-settings=\"{&quot;ekit_we_effect_on&quot;:&quot;none&quot;}\" data-widget_type=\"heading.default\">\n\t\t\t\t<div class=\"elementor-widget-container\">\n\t\t\t<h1 class=\"elementor-heading-title elementor-size-default\">Hasan H\u00fcseyin Solmaz- Genel Sekreter<\/h1>\t\t<\/div>\n\t\t\t\t<\/div>\n\t\t\t\t<div class=\"elementor-element elementor-element-d9d5fee elementor-invisible elementor-widget elementor-widget-elementskit-breadcrumb\" data-id=\"d9d5fee\" data-element_type=\"widget\" data-settings=\"{&quot;_animation&quot;:&quot;fadeInUp&quot;,&quot;ekit_we_effect_on&quot;:&quot;none&quot;}\" data-widget_type=\"elementskit-breadcrumb.default\">\n\t\t\t\t<div class=\"elementor-widget-container\">\n\t\t\t<div class=\"ekit-wid-con\" ><ol class=\"ekit-breadcrumb\"><li class=\"ekit_breadcrumbs_start\"><a href=\"https:\/\/www.adanakentkonseyi.org.tr\/01\">Home<\/a><\/li> <li class=\"brd_sep\"><span class=\"separate_icon\"><svg xmlns=\"http:\/\/www.w3.org\/2000\/svg\" width=\"8\" height=\"15\" viewBox=\"0 0 8 15\"><path d=\"M0.736 14.344C0.650667 14.344 0.576 14.312 0.512 14.248C0.448 14.184 0.416 14.1093 0.416 14.024C0.416 13.9707 0.432 13.9067 0.464 13.832L5.936 0.712C5.968 0.647999 6.01067 0.583999 6.064 0.52C6.128 0.456 6.224 0.424 6.352 0.424H6.976C7.06133 0.424 7.136 0.456 7.2 0.52C7.264 0.583999 7.296 0.658666 7.296 0.743999C7.296 0.786666 7.28533 0.850666 7.264 0.936L1.776 14.056C1.75467 14.1093 1.712 14.168 1.648 14.232C1.584 14.3067 1.488 14.344 1.36 14.344H0.736Z\" fill=\"white\"><\/path><\/svg><\/span><\/li> <li><a href=\"https:\/\/www.adanakentkonseyi.org.tr\/01\/kurumsal\/\" title=\"Kurumsal\">Kurumsal<\/a><\/li> <li class=\"brd_sep\"><span class=\"separate_icon\"><svg xmlns=\"http:\/\/www.w3.org\/2000\/svg\" width=\"8\" height=\"15\" viewBox=\"0 0 8 15\"><path d=\"M0.736 14.344C0.650667 14.344 0.576 14.312 0.512 14.248C0.448 14.184 0.416 14.1093 0.416 14.024C0.416 13.9707 0.432 13.9067 0.464 13.832L5.936 0.712C5.968 0.647999 6.01067 0.583999 6.064 0.52C6.128 0.456 6.224 0.424 6.352 0.424H6.976C7.06133 0.424 7.136 0.456 7.2 0.52C7.264 0.583999 7.296 0.658666 7.296 0.743999C7.296 0.786666 7.28533 0.850666 7.264 0.936L1.776 14.056C1.75467 14.1093 1.712 14.168 1.648 14.232C1.584 14.3067 1.488 14.344 1.36 14.344H0.736Z\" fill=\"white\"><\/path><\/svg><\/span><\/li>  <li>Genel Sekreter<\/li><\/ol><\/div>\t\t<\/div>\n\t\t\t\t<\/div>\n\t\t\t\t<\/div>\n\t\t\t\t\t<\/div>\n\t\t\t\t<\/div>\n\t\t<div class=\"elementor-element elementor-element-749948b e-flex e-con-boxed e-con e-parent\" data-id=\"749948b\" data-element_type=\"container\">\n\t\t\t\t\t<div class=\"e-con-inner\">\n\t\t<div class=\"elementor-element elementor-element-d233e68 e-con-full e-flex e-con e-child\" data-id=\"d233e68\" data-element_type=\"container\">\n\t\t\t\t<\/div>\n\t\t<div class=\"elementor-element elementor-element-efe5029 e-con-full e-flex e-con e-child\" data-id=\"efe5029\" data-element_type=\"container\">\n\t\t\t\t<div class=\"elementor-element elementor-element-bfb1766 solor-heading-animation solor-animation-heading-style-2 elementor-widget elementor-widget-heading\" data-id=\"bfb1766\" data-element_type=\"widget\" data-settings=\"{&quot;ekit_we_effect_on&quot;:&quot;none&quot;}\" data-widget_type=\"heading.default\">\n\t\t\t\t<div class=\"elementor-widget-container\">\n\t\t\t<h2 class=\"elementor-heading-title elementor-size-default\">Hasan H\u00fcseyin Solmaz<\/h2>\t\t<\/div>\n\t\t\t\t<\/div>\n\t\t\t\t<div class=\"elementor-element elementor-element-d9f4648 solor-heading-animation solor-animation-heading-none elementor-invisible elementor-widget elementor-widget-heading\" data-id=\"d9f4648\" data-element_type=\"widget\" data-settings=\"{&quot;_animation&quot;:&quot;fadeInUp&quot;,&quot;_animation_delay&quot;:100,&quot;ekit_we_effect_on&quot;:&quot;none&quot;}\" data-widget_type=\"heading.default\">\n\t\t\t\t<div class=\"elementor-widget-container\">\n\t\t\t<h3 class=\"elementor-heading-title elementor-size-default\">(Meslek )<\/h3>\t\t<\/div>\n\t\t\t\t<\/div>\n\t\t\t\t<div class=\"elementor-element elementor-element-81dfa36 elementor-invisible elementor-widget elementor-widget-text-editor\" data-id=\"81dfa36\" data-element_type=\"widget\" data-settings=\"{&quot;_animation&quot;:&quot;fadeInUp&quot;,&quot;_animation_delay&quot;:200,&quot;ekit_we_effect_on&quot;:&quot;none&quot;}\" data-widget_type=\"text-editor.default\">\n\t\t\t\t<div class=\"elementor-widget-container\">\n\t\t\t\t\t\t\t<p><b>Genel Sekreter \u00d6ZGE\u00c7M\u0130\u015e<\/b><\/p>\t\t\t\t\t\t<\/div>\n\t\t\t\t<\/div>\n\t\t\t\t<div class=\"elementor-element elementor-element-4e06dce team-single-meta elementor-icon-list--layout-traditional elementor-list-item-link-full_width elementor-invisible elementor-widget elementor-widget-icon-list\" data-id=\"4e06dce\" data-element_type=\"widget\" data-settings=\"{&quot;_animation&quot;:&quot;fadeInUp&quot;,&quot;_animation_delay&quot;:300,&quot;ekit_we_effect_on&quot;:&quot;none&quot;}\" data-widget_type=\"icon-list.default\">\n\t\t\t\t<div class=\"elementor-widget-container\">\n\t\t\t\t\t<ul class=\"elementor-icon-list-items\">\n\t\t\t\t\t\t\t<li class=\"elementor-icon-list-item\">\n\t\t\t\t\t\t\t\t\t\t<span class=\"elementor-icon-list-text\"><strong>Meslek:<\/strong> <\/span>\n\t\t\t\t\t\t\t\t\t<\/li>\n\t\t\t\t\t\t\t\t<li class=\"elementor-icon-list-item\">\n\t\t\t\t\t\t\t\t\t\t<span class=\"elementor-icon-list-text\"><strong>Deneyim:<\/strong> 10+  Y\u0131l<\/span>\n\t\t\t\t\t\t\t\t\t<\/li>\n\t\t\t\t\t\t<\/ul>\n\t\t\t\t<\/div>\n\t\t\t\t<\/div>\n\t\t\t\t<div class=\"elementor-element elementor-element-9e950cc solor-heading-animation solor-animation-heading-none elementor-invisible elementor-widget elementor-widget-heading\" data-id=\"9e950cc\" data-element_type=\"widget\" data-settings=\"{&quot;_animation&quot;:&quot;fadeInUp&quot;,&quot;_animation_delay&quot;:400,&quot;ekit_we_effect_on&quot;:&quot;none&quot;}\" data-widget_type=\"heading.default\">\n\t\t\t\t<div class=\"elementor-widget-container\">\n\t\t\t<h2 class=\"elementor-heading-title elementor-size-default\">Sosyal Medya:<\/h2>\t\t<\/div>\n\t\t\t\t<\/div>\n\t\t\t\t<div class=\"elementor-element elementor-element-25395ce e-grid-align-left elementor-shape-rounded elementor-grid-0 elementor-invisible elementor-widget elementor-widget-social-icons\" data-id=\"25395ce\" data-element_type=\"widget\" data-settings=\"{&quot;_animation&quot;:&quot;fadeInUp&quot;,&quot;_animation_delay&quot;:500,&quot;ekit_we_effect_on&quot;:&quot;none&quot;}\" data-widget_type=\"social-icons.default\">\n\t\t\t\t<div class=\"elementor-widget-container\">\n\t\t\t\t\t<div class=\"elementor-social-icons-wrapper elementor-grid\">\n\t\t\t\t\t\t\t<span class=\"elementor-grid-item\">\n\t\t\t\t\t<a class=\"elementor-icon elementor-social-icon elementor-social-icon-icon-facebook elementor-repeater-item-75b33ad\" target=\"_blank\">\n\t\t\t\t\t\t<span class=\"elementor-screen-only\">Icon-facebook<\/span>\n\t\t\t\t\t\t<i class=\"icon icon-facebook\"><\/i>\t\t\t\t\t<\/a>\n\t\t\t\t<\/span>\n\t\t\t\t\t\t\t<span class=\"elementor-grid-item\">\n\t\t\t\t\t<a class=\"elementor-icon elementor-social-icon elementor-social-icon-twitter elementor-repeater-item-0ff0b1c\" target=\"_blank\">\n\t\t\t\t\t\t<span class=\"elementor-screen-only\">Twitter<\/span>\n\t\t\t\t\t\t<i class=\"fab fa-twitter\"><\/i>\t\t\t\t\t<\/a>\n\t\t\t\t<\/span>\n\t\t\t\t\t\t\t<span class=\"elementor-grid-item\">\n\t\t\t\t\t<a class=\"elementor-icon elementor-social-icon elementor-social-icon-linkedin-in elementor-repeater-item-01e7d0f\" target=\"_blank\">\n\t\t\t\t\t\t<span class=\"elementor-screen-only\">Linkedin-in<\/span>\n\t\t\t\t\t\t<i class=\"fab fa-linkedin-in\"><\/i>\t\t\t\t\t<\/a>\n\t\t\t\t<\/span>\n\t\t\t\t\t\t\t<span class=\"elementor-grid-item\">\n\t\t\t\t\t<a class=\"elementor-icon elementor-social-icon elementor-social-icon-instagram elementor-repeater-item-1d1b733\" target=\"_blank\">\n\t\t\t\t\t\t<span class=\"elementor-screen-only\">Instagram<\/span>\n\t\t\t\t\t\t<i class=\"fab fa-instagram\"><\/i>\t\t\t\t\t<\/a>\n\t\t\t\t<\/span>\n\t\t\t\t\t<\/div>\n\t\t\t\t<\/div>\n\t\t\t\t<\/div>\n\t\t\t\t<\/div>\n\t\t\t\t\t<\/div>\n\t\t\t\t<\/div>\n\t\t<div class=\"elementor-element elementor-element-d4effe9 e-flex e-con-boxed e-con e-parent\" data-id=\"d4effe9\" data-element_type=\"container\">\n\t\t\t\t\t<div class=\"e-con-inner\">\n\t\t<div class=\"elementor-element elementor-element-6ac7405 e-flex e-con-boxed e-con e-child\" data-id=\"6ac7405\" data-element_type=\"container\" data-settings=\"{&quot;background_background&quot;:&quot;classic&quot;}\">\n\t\t\t\t\t<div class=\"e-con-inner\">\n\t\t\t\t<div class=\"elementor-element elementor-element-84ca91d small-heading-style solor-heading-animation solor-animation-heading-none elementor-invisible elementor-widget elementor-widget-heading\" data-id=\"84ca91d\" data-element_type=\"widget\" data-settings=\"{&quot;_animation&quot;:&quot;fadeInUp&quot;,&quot;ekit_we_effect_on&quot;:&quot;none&quot;}\" data-widget_type=\"heading.default\">\n\t\t\t\t<div class=\"elementor-widget-container\">\n\t\t\t<h3 class=\"elementor-heading-title elementor-size-default\">Mesaj G\u00f6nder<\/h3>\t\t<\/div>\n\t\t\t\t<\/div>\n\t\t\t\t<div class=\"elementor-element elementor-element-43f3ee0 solor-heading-animation solor-animation-heading-style-2 elementor-widget elementor-widget-heading\" data-id=\"43f3ee0\" data-element_type=\"widget\" data-settings=\"{&quot;ekit_we_effect_on&quot;:&quot;none&quot;}\" data-widget_type=\"heading.default\">\n\t\t\t\t<div class=\"elementor-widget-container\">\n\t\t\t<h2 class=\"elementor-heading-title elementor-size-default\">\u0130leti\u015fim<\/h2>\t\t<\/div>\n\t\t\t\t<\/div>\n\t\t\t\t<div class=\"elementor-element elementor-element-8a41963 team-single-form elementor-invisible elementor-widget elementor-widget-elementskit-contact-form7\" data-id=\"8a41963\" data-element_type=\"widget\" data-settings=\"{&quot;_animation&quot;:&quot;fadeInUp&quot;,&quot;ekit_we_effect_on&quot;:&quot;none&quot;}\" data-widget_type=\"elementskit-contact-form7.default\">\n\t\t\t\t<div class=\"elementor-widget-container\">\n\t\t\t<div class=\"ekit-wid-con\" ><div class=\"ekit-form\">\n<div class=\"wpcf7 no-js\" id=\"wpcf7-f4544-p8999-o1\" lang=\"en-US\" dir=\"ltr\" data-wpcf7-id=\"4544\">\n<div class=\"screen-reader-response\"><p role=\"status\" aria-live=\"polite\" aria-atomic=\"true\"><\/p> <ul><\/ul><\/div>\n<form action=\"\/01\/kurumsal\/genel-sekreter\/#wpcf7-f4544-p8999-o1\" method=\"post\" class=\"wpcf7-form init\" aria-label=\"Contact form\" novalidate=\"novalidate\" data-status=\"init\">\n<div style=\"display: none;\">\n<input type=\"hidden\" name=\"_wpcf7\" value=\"4544\" \/>\n<input type=\"hidden\" name=\"_wpcf7_version\" value=\"6.0.3\" \/>\n<input type=\"hidden\" name=\"_wpcf7_locale\" value=\"en_US\" \/>\n<input type=\"hidden\" name=\"_wpcf7_unit_tag\" value=\"wpcf7-f4544-p8999-o1\" \/>\n<input type=\"hidden\" name=\"_wpcf7_container_post\" value=\"8999\" \/>\n<input type=\"hidden\" name=\"_wpcf7_posted_data_hash\" value=\"\" \/>\n<\/div>\n<div class=\"contact-form\">\n\t<div class=\"row\">\n\t\t<div class=\"form-group col-md-6 mb-4\">\n\t\t\t<p><span class=\"wpcf7-form-control-wrap\" data-name=\"FullName\"><input size=\"40\" maxlength=\"400\" class=\"wpcf7-form-control wpcf7-text wpcf7-validates-as-required form-control\" id=\"name\" aria-required=\"true\" aria-invalid=\"false\" placeholder=\"\u0130sim\" value=\"\" type=\"text\" name=\"FullName\" \/><\/span>\n\t\t\t<\/p>\n\t\t<\/div>\n\t\t<div class=\"form-group col-md-6 mb-4\">\n\t\t\t<p><span class=\"wpcf7-form-control-wrap\" data-name=\"Email\"><input size=\"40\" maxlength=\"400\" class=\"wpcf7-form-control wpcf7-email wpcf7-validates-as-required wpcf7-text wpcf7-validates-as-email form-control\" id=\"email\" aria-required=\"true\" aria-invalid=\"false\" placeholder=\"Mail Adresiniz\" value=\"\" type=\"email\" name=\"Email\" \/><\/span>\n\t\t\t<\/p>\n\t\t<\/div>\n\t\t<div class=\"form-group col-md-6 mb-4\">\n\t\t\t<p><span class=\"wpcf7-form-control-wrap\" data-name=\"Phone\"><input size=\"40\" maxlength=\"400\" class=\"wpcf7-form-control wpcf7-text wpcf7-validates-as-required form-control\" id=\"phone\" aria-required=\"true\" aria-invalid=\"false\" placeholder=\"Telefon\" value=\"\" type=\"text\" name=\"Phone\" \/><\/span>\n\t\t\t<\/p>\n\t\t<\/div>\n\t\t<div class=\"form-group col-md-6 mb-4\">\n\t\t\t<p><span class=\"wpcf7-form-control-wrap\" data-name=\"Subject\"><input size=\"40\" maxlength=\"400\" class=\"wpcf7-form-control wpcf7-text form-control\" id=\"subject\" aria-invalid=\"false\" placeholder=\"Konu\" value=\"\" type=\"text\" name=\"Subject\" \/><\/span>\n\t\t\t<\/p>\n\t\t<\/div>\n\t\t<div class=\"form-group col-md-12 mb-4\">\n\t\t\t<p><span class=\"wpcf7-form-control-wrap\" data-name=\"Write\"><textarea cols=\"40\" rows=\"10\" maxlength=\"2000\" class=\"wpcf7-form-control wpcf7-textarea form-control\" id=\"msg\" aria-invalid=\"false\" placeholder=\"Mesaj\u0131n\u0131z...\" name=\"Write\"><\/textarea><\/span>\n\t\t\t<\/p>\n\t\t<\/div>\n\t\t<div class=\"form-group col-md-12 text-align-center\">\n\t\t\t<p><input class=\"wpcf7-form-control wpcf7-submit has-spinner form-btn\" id=\"msgSubmit\" type=\"submit\" value=\"G\u00f6nder\" \/>\n\t\t\t<\/p>\n\t\t<\/div>\n\t<\/div>\n<\/div><div class=\"wpcf7-response-output\" aria-hidden=\"true\"><\/div>\n<\/form>\n<\/div>\n<\/div><\/div>\t\t<\/div>\n\t\t\t\t<\/div>\n\t\t\t\t\t<\/div>\n\t\t\t\t<\/div>\n\t\t\t\t\t<\/div>\n\t\t\t\t<\/div>\n\t\t\t\t<\/div>\n\t\t","protected":false},"excerpt":{"rendered":"<p>Hasan H\u00fcseyin Solmaz- Genel Sekreter Home Hasan H\u00fcseyin Solmaz (Meslek ) Genel Sekreter \u00d6ZGE\u00c7M\u0130\u015e Meslek: Deneyim: 10+ Y\u0131l Sosyal Medya: Icon-facebook Twitter Linkedin-in Instagram Mesaj G\u00f6nder \u0130leti\u015fim<\/p>\n","protected":false},"author":1,"featured_media":0,"parent":3603,"menu_order":0,"comment_status":"closed","ping_status":"closed","template":"elementor_header_footer","meta":{"om_disable_all_campaigns":false,"_monsterinsights_skip_tracking":false,"_monsterinsights_sitenote_active":false,"_monsterinsights_sitenote_note":"","_monsterinsights_sitenote_category":0,"footnotes":""},"class_list":["post-8999","page","type-page","status-publish","hentry"],"aioseo_notices":[],"_links":{"self":[{"href":"https:\/\/www.adanakentkonseyi.org.tr\/01\/wp-json\/wp\/v2\/pages\/8999","targetHints":{"allow":["GET"]}}],"collection":[{"href":"https:\/\/www.adanakentkonseyi.org.tr\/01\/wp-json\/wp\/v2\/pages"}],"about":[{"href":"https:\/\/www.adanakentkonseyi.org.tr\/01\/wp-json\/wp\/v2\/types\/page"}],"author":[{"embeddable":true,"href":"https:\/\/www.adanakentkonseyi.org.tr\/01\/wp-json\/wp\/v2\/users\/1"}],"replies":[{"embeddable":true,"href":"https:\/\/www.adanakentkonseyi.org.tr\/01\/wp-json\/wp\/v2\/comments?post=8999"}],"version-history":[{"count":8,"href":"https:\/\/www.adanakentkonseyi.org.tr\/01\/wp-json\/wp\/v2\/pages\/8999\/revisions"}],"predecessor-version":[{"id":9723,"href":"https:\/\/www.adanakentkonseyi.org.tr\/01\/wp-json\/wp\/v2\/pages\/8999\/revisions\/9723"}],"up":[{"embeddable":true,"href":"https:\/\/www.adanakentkonseyi.org.tr\/01\/wp-json\/wp\/v2\/pages\/3603"}],"wp:attachment":[{"href":"https:\/\/www.adanakentkonseyi.org.tr\/01\/wp-json\/wp\/v2\/media?parent=8999"}],"curies":[{"name":"wp","href":"https:\/\/api.w.org\/{rel}","templated":true}]}}